{"id":10894,"date":"2023-02-09T16:23:10","date_gmt":"2023-02-09T15:23:10","guid":{"rendered":"https:\/\/caupenne-co.com\/legal-information\/"},"modified":"2026-01-06T16:59:58","modified_gmt":"2026-01-06T15:59:58","slug":"legal-information","status":"publish","type":"page","link":"https:\/\/caupenne-co.com\/en\/legal-information\/","title":{"rendered":"Legal Information"},"content":{"rendered":"\n<h2 class=\"wp-block-heading\">Presentation of the site.<\/h2>\n\n\n\n<p>Under the terms of article 6 of French law no. 2004-575 of June 21, 2004 for trust in the digital economy, users of the site\u202f<a href=\"https:\/\/caupenne-co.com\/en\/\">https:\/\/www.caupenne-co.com<\/a>\u202fare informed about who is involved in its production and maintenance:\u00a0<\/p>\n\n\n\n<p><strong>Owner<\/strong>: Caupenne &amp; Co. \u2013 SARL immatricul\u00e9e au Registre du Commerce et des Soci\u00e9t\u00e9s de Lyon sous le num\u00e9ro 394\u202f626\u202f345 \u2013 63 avenue Roger Salengro 69100 VILLEURBANNE&nbsp;<br><strong>Creator<\/strong>\u202f:\u202f<a href=\"https:\/\/www.artenium.com\/\" target=\"_blank\" rel=\"noreferrer noopener\">Artenium<\/a>&nbsp;<br><strong>Publication director<\/strong>\u202f: Leylak de Caupenne \u2013 gestion@caupenne-co.com&nbsp;<br>The publication director is a natural person or a legal person.&nbsp;<\/p>\n\n\n\n<p><strong>Hosting company<\/strong>: OVH \u2013 2 rue Kellermann \u2013 59100 Roubaix \u2013 France<\/p>\n\n\n\n<p>Credits: the legal information was generated and supplied by Subdelirium<\/p>\n\n\n\n<div style=\"height:100px\" aria-hidden=\"true\" class=\"wp-block-spacer\"><\/div>\n\n\n\n<h2 class=\"wp-block-heading\">Terms and conditions of use of the site and the services offered.<\/h2>\n\n\n\n<p>The use of the\u202f<a href=\"https:\/\/caupenne-co.com\/en\/\">https:\/\/www.caupenne-co.com<\/a>\u202fwebsite implies full acceptance of the general terms of use described below. These terms of use may be modified or expanded at any time, so users of the\u202f<a href=\"https:\/\/caupenne-co.com\/en\/\">https:\/\/www.caupenne-co.com<\/a>\u202fwebsite are invited to consult them regularly.\u00a0<\/p>\n\n\n\n<p>This site is normally accessible to users at any time. However, Caupenne &amp; Co. may decide to interrupt its availability for technical maintenance, and will do its best to communicate the dates and times of the work to users in advance.<\/p>\n\n\n\n<p>The\u202f<a href=\"https:\/\/caupenne-co.com\/en\/\">https:\/\/www.caupenne-co.com<\/a>\u202fwebsite is updated regularly by Leylak de Caupenne. Similarly, the legal information may be updated at any time. It remains binding on users, however, who are invited to refer to it as often as possible to keep track of any changes.\u00a0<\/p>\n\n\n\n<div style=\"height:100px\" aria-hidden=\"true\" class=\"wp-block-spacer\"><\/div>\n\n\n\n<h2 class=\"wp-block-heading\">Description of the services provided.<\/h2>\n\n\n\n<p>The purpose of the\u202f<a href=\"https:\/\/caupenne-co.com\/en\/\">https:\/\/www.caupenne-co.com<\/a>\u202fwebsite is to provide information about all the company\u2019s activities.\u00a0<\/p>\n\n\n\n<p>Caupenne &amp; Co. makes every effort to ensure the information on the\u202f<a href=\"https:\/\/caupenne-co.com\/en\/\">https:\/\/www.caupenne-co.com<\/a>\u202fwebsite is as accurate as possible. However, it cannot be held liable for any omissions, inaccuracies or failures to update the information, whether these are caused by Caupenne &amp; Co. or by the partners who provide the information.\u00a0<\/p>\n\n\n\n<p>All the details on the\u202f<a href=\"https:\/\/caupenne-co.com\/en\/\">https:\/\/www.caupenne-co.com<\/a>\u202fwebsite are provided for information purposes only, and may change. In addition, the information on the <a href=\"https:\/\/caupenne-co.com\/en\/\">https:\/\/www.caupenne-co.com<\/a>\u202fwebsite is not intended to be exhaustive. It is provided subject to changes that may have occurred since it was published.<\/p>\n\n\n\n<div style=\"height:100px\" aria-hidden=\"true\" class=\"wp-block-spacer\"><\/div>\n\n\n\n<h2 class=\"wp-block-heading\">Contractual limits on technical data.<\/h2>\n\n\n\n<p>The website uses the JavaScript technology.&nbsp;<\/p>\n\n\n\n<p>The website cannot be held liable for any material damage resulting from the use of the site. Moreover, users of the site undertake to access it using recent equipment free of viruses and an updated, latest-generation browser.<\/p>\n\n\n\n<div style=\"height:100px\" aria-hidden=\"true\" class=\"wp-block-spacer\"><\/div>\n\n\n\n<h2 class=\"wp-block-heading\">Intellectual property and infringement.<\/h2>\n\n\n\n<p>Caupenne &amp; Co. owns the intellectual property rights or has the right to use all the elements accessible on the site, including text, images, graphics, logos, icons, sounds and software.<\/p>\n\n\n\n<p>Any reproduction, depiction, modification, publication or adaptation of any or all of the site\u2019s elements, regardless of the resources or processes used, is prohibited without prior written consent from Caupenne &amp; Co.&nbsp;<\/p>\n\n\n\n<p>Any unauthorized use of the site or of any of the elements it contains will be considered to constitute infringement and legal proceedings will be brought in accordance with articles L.335-2 and thereafter of the French Intellectual Property Code.<\/p>\n\n\n\n<div style=\"height:100px\" aria-hidden=\"true\" class=\"wp-block-spacer\"><\/div>\n\n\n\n<h2 class=\"wp-block-heading\">Limitation of liability.<\/h2>\n\n\n\n<p>Caupenne &amp; Co. cannot be held liable for direct or indirect damages caused to the user\u2019s equipment when accessing the https:\/\/www.caupenne-co.com website, resulting either from the use of equipment that does not meet the specifications described above, or from the emergence of a bug or an incompatibility.<\/p>\n\n\n\n<p>Caupenne &amp; Co. cannot be held liable for direct or indirect damages caused to the user\u2019s equipment when accessing the <a href=\"https:\/\/caupenne-co.com\/en\/\">https:\/\/www.caupenne-co.com<\/a><a href=\"https:\/\/www.caupenne-co.com\"> <\/a>website, resulting either from the use of equipment that does not meet the specifications described above, or from the emergence of a bug or an incompatibility.<\/p>\n\n\n\n<p>The site includes interactive areas (such as the option of asking questions via the contact form) available to users. Caupenne &amp; Co. reserves the right to delete any content submitted via this area that would contravene the legislation applicable in France, including the provisions relating to data protection. Where relevant, Caupenne &amp; Co. also reserves the right to seek legal redress against users in the civil and\/or criminal courts for messages that are racist, offensive, defamatory or pornographic, regardless of their format (text, photographs etc.).<\/p>\n\n\n\n<div style=\"height:100px\" aria-hidden=\"true\" class=\"wp-block-spacer\"><\/div>\n\n\n\n<h2 class=\"wp-block-heading\">Management of personal data.<\/h2>\n\n\n\n<p>In France, personal data is protected by legislation including law no. 78-87 of January 6, 1978, law no. 2004-801 of August 6, 2004, article L. 226-13 of the French Penal Code and the European Directive of October 24, 1995.&nbsp;<\/p>\n\n\n\n<p>When a user accesses the\u202f<a href=\"https:\/\/caupenne-co.com\/en\/\">https:\/\/www.caupenne-co.com<\/a> website, the URL of the link by which the user reached the <a href=\"https:\/\/caupenne-co.com\/en\/\">https:\/\/www.caupenne-co.com<\/a> site, the user\u2019s internet service provider and the user\u2019s Internet Protocol (IP) address may be collected.\u00a0<\/p>\n\n\n\n<p>Caupenne &amp; Co. only ever collects personal data about the user for the purpose of certain services offered by the\u202f<a href=\"https:\/\/caupenne-co.com\/en\/\">https:\/\/www.caupenne-co.com<\/a> website. The user\u2019s information is provided with their full knowledge, especially when they enter it themselves. The user of the\u202f<a href=\"https:\/\/caupenne-co.com\/en\/\">https:\/\/www.caupenne-co.com<\/a>\u202fsite is informed at the time whether or not the information is obligatory.<\/p>\n\n\n\n<p>In accordance with the provisions of articles 38 and thereafter of the French data protection law no. 78-17 of January 6, 1978, all users have the right to access, correct and object to the use of personal data held about them by sending a written, signed request with a copy of a signed identity document, specifying the address to which a response should be sent.<\/p>\n\n\n\n<p>No personal information about users of the\u202f<a href=\"https:\/\/caupenne-co.com\/en\/\">https:\/\/www.caupenne-co.com<\/a>\u202fwebsite is ever published without the user\u2019s knowledge, exchanged, transferred, given or sold in any form to third parties. Only the acquisition of Caupenne &amp; Co. and its rights would enable this information to be transferred to the buyer, who would be bound in turn by the same obligation to conserve and correct data about users of the\u202f<a href=\"https:\/\/caupenne-co.com\/en\/\">https:\/\/www.caupenne-co.com<\/a> website.\u00a0<\/p>\n\n\n\n<p>The website is not declared to CNIL, the French data protection authority, because it does not collect personal information.&nbsp;<\/p>\n\n\n\n<p>Databases are protected by the provisions of the law of July 1, 1998 implementing directive 96\/9 of March 11, 1996 on the legal protection of databases.&nbsp;<\/p>\n\n\n\n<div style=\"height:100px\" aria-hidden=\"true\" class=\"wp-block-spacer\"><\/div>\n\n\n\n<h2 class=\"wp-block-heading\">Hypertext links and cookies.<\/h2>\n\n\n\n<p>The\u202f<a href=\"https:\/\/caupenne-co.com\/en\/\">https:\/\/www.caupenne-co.com<\/a>\u202fwebsite contains a number of hypertext links to other sites, published with the authorization of Caupenne &amp; Co. However, Caupenne &amp; Co. cannot check the contents of sites visited in this way, and consequently cannot accept any liability for them.\u00a0<\/p>\n\n\n\n<p>Browsing the\u202f<a href=\"https:\/\/caupenne-co.com\/en\/\">https:\/\/www.caupenne-co.com<\/a>\u202fwebsite is likely to cause cookies to be stored on the user\u2019s computer. A cookie is a small file that does not allow the user to be identified but records information about a computer\u2019s browsing of a website. The data obtained in this way is designed to facilitate subsequent browsing of the site and to enable site traffic to be measured.\u00a0<\/p>\n\n\n\n<p>Refusing to allow cookies may make it impossible to access certain services. However, users can carry out the following configuration steps to refuse the installation of cookies:<\/p>\n\n\n\n<p>Using Microsoft Edge: enter \u201cedge:\/\/settings\/cookies\u201d into the address bar or go to \u201cSettings \u2013 Cookies and site permissions \u2013 Manage and delete cookies and site data\u201d and clear the checkbox marked \u201cAllow sites to save and read cookie data (recommended)\u201d.<\/p>\n\n\n\n<p>Using Firefox: click the menu button at the top right of the browser window and select \u201cOptions\u201d. Click the \u201cPrivacy\u201d tab. Set \u201cEnhanced Tracking Protection\u201d to \u201cCustom\u201d, and clear the \u201cCookies\u201d checkbox.<\/p>\n\n\n\n<p>Using Safari: click the Safari button at the top left of the browser window and select \u201cPreferences\u201d. Click the \u201cPrivacy\u201d tab and select \u201cBlock all cookies\u201d.<\/p>\n\n\n\n<p>Using Chrome: click the menu icon at the top right of the browser, represented by three dots. Select \u201cSettings\u201d. Click \u201cPrivacy and security\u201d and then \u201cCookies and other site data\u201d. Here you can choose to block all cookies.<\/p>\n\n\n\n<div style=\"height:100px\" aria-hidden=\"true\" class=\"wp-block-spacer\"><\/div>\n\n\n\n<h2 class=\"wp-block-heading\">Applicable law and jurisdiction.<\/h2>\n\n\n\n<p>All disputes relating to the use of the\u202f<a href=\"https:\/\/caupenne-co.com\/en\/\">https:\/\/www.caupenne-co.com<\/a>\u202fwebsite are subject to French law. The competent courts in Paris have sole jurisdiction.\u00a0<\/p>\n\n\n\n<div style=\"height:100px\" aria-hidden=\"true\" class=\"wp-block-spacer\"><\/div>\n\n\n\n<h2 class=\"wp-block-heading\">The principal laws concerned.<\/h2>\n\n\n\n<p>French law no. 78-17 of January 6, 1978 as amended by law no. 2004-801 of August 6, 2004 on data protection.<\/p>\n\n\n\n<p>French law no. 2004-575 of June 21, 2004 on trust in the digital economy.<\/p>\n\n\n\n<div style=\"height:100px\" aria-hidden=\"true\" class=\"wp-block-spacer\"><\/div>\n\n\n\n<h2 class=\"wp-block-heading\">Glossary.<\/h2>\n\n\n\n<p>User: any web user connecting to and using the above site.&nbsp;<\/p>\n\n\n\n<p>Personal information: \u201cinformation that enables the natural persons to whom it applies to be identified in any form, directly or not\u201d (article 4 of French law no. 78-17 of January 6, 1978).&nbsp;<\/p>\n","protected":false},"excerpt":{"rendered":"<p>Presentation of the site. Under the terms of article 6 of French law no. 2004-575 of June 21, 2004 for trust in the digital economy, users of the site\u202fhttps:\/\/www.caupenne-co.com\u202fare informed about who is involved in its production and maintenance:\u00a0 Owner: Caupenne &amp; Co. \u2013 SARL immatricul\u00e9e au Registre du Commerce et des Soci\u00e9t\u00e9s de Lyon [&hellip;]<\/p>\n","protected":false},"author":2,"featured_media":0,"parent":0,"menu_order":0,"comment_status":"closed","ping_status":"closed","template":"","meta":{"_acf_changed":false,"footnotes":""},"class_list":["post-10894","page","type-page","status-publish","hentry"],"acf":[],"_links":{"self":[{"href":"https:\/\/caupenne-co.com\/en\/wp-json\/wp\/v2\/pages\/10894","targetHints":{"allow":["GET"]}}],"collection":[{"href":"https:\/\/caupenne-co.com\/en\/wp-json\/wp\/v2\/pages"}],"about":[{"href":"https:\/\/caupenne-co.com\/en\/wp-json\/wp\/v2\/types\/page"}],"author":[{"embeddable":true,"href":"https:\/\/caupenne-co.com\/en\/wp-json\/wp\/v2\/users\/2"}],"replies":[{"embeddable":true,"href":"https:\/\/caupenne-co.com\/en\/wp-json\/wp\/v2\/comments?post=10894"}],"version-history":[{"count":7,"href":"https:\/\/caupenne-co.com\/en\/wp-json\/wp\/v2\/pages\/10894\/revisions"}],"predecessor-version":[{"id":16026,"href":"https:\/\/caupenne-co.com\/en\/wp-json\/wp\/v2\/pages\/10894\/revisions\/16026"}],"wp:attachment":[{"href":"https:\/\/caupenne-co.com\/en\/wp-json\/wp\/v2\/media?parent=10894"}],"curies":[{"name":"wp","href":"https:\/\/api.w.org\/{rel}","templated":true}]}}